{"id":1704,"date":"2024-03-26T21:16:17","date_gmt":"2024-03-26T20:16:17","guid":{"rendered":"https:\/\/expert-i4next.hr\/?page_id=1704"},"modified":"2026-02-17T06:08:58","modified_gmt":"2026-02-17T05:08:58","slug":"pravne-informacije","status":"publish","type":"page","link":"https:\/\/expert-i4next.hr\/index.php\/pravne-informacije\/","title":{"rendered":"Pravne informacije"},"content":{"rendered":"\t\t<div data-elementor-type=\"wp-page\" data-elementor-id=\"1704\" class=\"elementor elementor-1704\" data-elementor-post-type=\"page\">\n\t\t\t\t\t\t\t<div class=\"elementor-element elementor-element-1695ecd e-con-full hero e-flex e-con\" data-id=\"1695ecd\" data-element_type=\"container\" data-settings=\"{&quot;content_width&quot;:&quot;full&quot;}\">\n\t\t<div class=\"elementor-element elementor-element-5f17e54 e-con-full e-flex e-con\" data-id=\"5f17e54\" data-element_type=\"container\" data-settings=\"{&quot;content_width&quot;:&quot;full&quot;}\">\n\t\t\t\t<div class=\"elementor-element elementor-element-8fe52f8 elementor-widget elementor-widget-heading\" data-id=\"8fe52f8\" data-element_type=\"widget\" data-widget_type=\"heading.default\">\n\t\t\t\t<div class=\"elementor-widget-container\">\n\t\t\t<style>\/*! elementor - v3.15.0 - 31-07-2023 *\/\n.elementor-heading-title{padding:0;margin:0;line-height:1}.elementor-widget-heading .elementor-heading-title[class*=elementor-size-]>a{color:inherit;font-size:inherit;line-height:inherit}.elementor-widget-heading .elementor-heading-title.elementor-size-small{font-size:15px}.elementor-widget-heading .elementor-heading-title.elementor-size-medium{font-size:19px}.elementor-widget-heading .elementor-heading-title.elementor-size-large{font-size:29px}.elementor-widget-heading .elementor-heading-title.elementor-size-xl{font-size:39px}.elementor-widget-heading .elementor-heading-title.elementor-size-xxl{font-size:59px}<\/style><h2 class=\"elementor-heading-title elementor-size-default\">Pravne informacije<\/h2>\t\t<\/div>\n\t\t\t\t<\/div>\n\t\t\t\t<\/div>\n\t\t\t\t<\/div>\n\t\t<div class=\"elementor-element elementor-element-e07d621 e-con-full e-flex e-con\" data-id=\"e07d621\" data-element_type=\"container\" data-settings=\"{&quot;content_width&quot;:&quot;full&quot;}\">\n\t\t\t\t<div class=\"elementor-element elementor-element-7eb32df elementor-widget-divider--view-line elementor-widget elementor-widget-divider\" data-id=\"7eb32df\" data-element_type=\"widget\" data-widget_type=\"divider.default\">\n\t\t\t\t<div class=\"elementor-widget-container\">\n\t\t\t<style>\/*! elementor - v3.15.0 - 31-07-2023 *\/\n.elementor-widget-divider{--divider-border-style:none;--divider-border-width:1px;--divider-color:#0c0d0e;--divider-icon-size:20px;--divider-element-spacing:10px;--divider-pattern-height:24px;--divider-pattern-size:20px;--divider-pattern-url:none;--divider-pattern-repeat:repeat-x}.elementor-widget-divider .elementor-divider{display:flex}.elementor-widget-divider .elementor-divider__text{font-size:15px;line-height:1;max-width:95%}.elementor-widget-divider .elementor-divider__element{margin:0 var(--divider-element-spacing);flex-shrink:0}.elementor-widget-divider .elementor-icon{font-size:var(--divider-icon-size)}.elementor-widget-divider .elementor-divider-separator{display:flex;margin:0;direction:ltr}.elementor-widget-divider--view-line_icon .elementor-divider-separator,.elementor-widget-divider--view-line_text .elementor-divider-separator{align-items:center}.elementor-widget-divider--view-line_icon .elementor-divider-separator:after,.elementor-widget-divider--view-line_icon .elementor-divider-separator:before,.elementor-widget-divider--view-line_text .elementor-divider-separator:after,.elementor-widget-divider--view-line_text .elementor-divider-separator:before{display:block;content:\"\";border-bottom:0;flex-grow:1;border-top:var(--divider-border-width) var(--divider-border-style) var(--divider-color)}.elementor-widget-divider--element-align-left .elementor-divider .elementor-divider-separator>.elementor-divider__svg:first-of-type{flex-grow:0;flex-shrink:100}.elementor-widget-divider--element-align-left .elementor-divider-separator:before{content:none}.elementor-widget-divider--element-align-left .elementor-divider__element{margin-left:0}.elementor-widget-divider--element-align-right .elementor-divider .elementor-divider-separator>.elementor-divider__svg:last-of-type{flex-grow:0;flex-shrink:100}.elementor-widget-divider--element-align-right .elementor-divider-separator:after{content:none}.elementor-widget-divider--element-align-right .elementor-divider__element{margin-right:0}.elementor-widget-divider:not(.elementor-widget-divider--view-line_text):not(.elementor-widget-divider--view-line_icon) .elementor-divider-separator{border-top:var(--divider-border-width) var(--divider-border-style) var(--divider-color)}.elementor-widget-divider--separator-type-pattern{--divider-border-style:none}.elementor-widget-divider--separator-type-pattern.elementor-widget-divider--view-line .elementor-divider-separator,.elementor-widget-divider--separator-type-pattern:not(.elementor-widget-divider--view-line) .elementor-divider-separator:after,.elementor-widget-divider--separator-type-pattern:not(.elementor-widget-divider--view-line) .elementor-divider-separator:before,.elementor-widget-divider--separator-type-pattern:not([class*=elementor-widget-divider--view]) .elementor-divider-separator{width:100%;min-height:var(--divider-pattern-height);-webkit-mask-size:var(--divider-pattern-size) 100%;mask-size:var(--divider-pattern-size) 100%;-webkit-mask-repeat:var(--divider-pattern-repeat);mask-repeat:var(--divider-pattern-repeat);background-color:var(--divider-color);-webkit-mask-image:var(--divider-pattern-url);mask-image:var(--divider-pattern-url)}.elementor-widget-divider--no-spacing{--divider-pattern-size:auto}.elementor-widget-divider--bg-round{--divider-pattern-repeat:round}.rtl .elementor-widget-divider .elementor-divider__text{direction:rtl}.e-con-inner>.elementor-widget-divider,.e-con>.elementor-widget-divider{width:var(--container-widget-width,100%);--flex-grow:var(--container-widget-flex-grow)}<\/style>\t\t<div class=\"elementor-divider\">\n\t\t\t<span class=\"elementor-divider-separator\">\n\t\t\t\t\t\t<\/span>\n\t\t<\/div>\n\t\t\t\t<\/div>\n\t\t\t\t<\/div>\n\t\t\t\t<\/div>\n\t\t<div class=\"elementor-element elementor-element-8a6a82d e-flex e-con-boxed e-con\" data-id=\"8a6a82d\" data-element_type=\"container\" data-settings=\"{&quot;background_background&quot;:&quot;classic&quot;,&quot;content_width&quot;:&quot;boxed&quot;}\">\n\t\t\t\t\t<div class=\"e-con-inner\">\n\t\t\t\t<div class=\"elementor-element elementor-element-3437cac elementor-widget elementor-widget-text-editor\" data-id=\"3437cac\" data-element_type=\"widget\" data-widget_type=\"text-editor.default\">\n\t\t\t\t<div class=\"elementor-widget-container\">\n\t\t\t<style>\/*! elementor - v3.15.0 - 31-07-2023 *\/\n.elementor-widget-text-editor.elementor-drop-cap-view-stacked .elementor-drop-cap{background-color:#69727d;color:#fff}.elementor-widget-text-editor.elementor-drop-cap-view-framed .elementor-drop-cap{color:#69727d;border:3px solid;background-color:transparent}.elementor-widget-text-editor:not(.elementor-drop-cap-view-default) .elementor-drop-cap{margin-top:8px}.elementor-widget-text-editor:not(.elementor-drop-cap-view-default) .elementor-drop-cap-letter{width:1em;height:1em}.elementor-widget-text-editor .elementor-drop-cap{float:left;text-align:center;line-height:1;font-size:50px}.elementor-widget-text-editor .elementor-drop-cap-letter{display:inline-block}<\/style>\t\t\t\t<div class=\"group w-full text-token-text-primary border-b border-black\/10 dark:border-gray-900\/50 bg-gray-50 dark:bg-[#444654]\" data-testid=\"conversation-turn-5\">\n<div class=\"p-4 justify-center text-base md:gap-6 md:py-6 m-auto\">\n<div class=\"flex flex-1 gap-4 text-base mx-auto md:gap-6 md:max-w-2xl lg:max-w-[38rem] xl:max-w-3xl }\">\n<div class=\"relative flex w-[calc(100%-50px)] flex-col gap-1 md:gap-3 lg:w-[calc(100%-115px)]\">\n<div class=\"flex flex-grow flex-col gap-3 max-w-full\">\n<div class=\"min-h-[20px] flex flex-col items-start gap-3 overflow-x-auto whitespace-pre-wrap break-words\">\n<div class=\"markdown prose w-full break-words dark:prose-invert light\">\n<p>www.expert-i4next.hr je internetska stranica u vlasni\u0161tvu Expert i4next d.o.o.-a.<\/p>\n<p>OIB: 32651779055<\/p>\n<p>MBS:&nbsp; 081099831<\/p>\n<p>sa sjedi\u0161tem na adresi: Ore\u0161kovi\u0107eva ulica 20A, Zagreb, 10 000<\/p>\n<p>Nadle\u017eni sud: Trgova\u010dki sud u Zagrebu<\/p>\n<p>Kontakt telefon: +385 1 6195 109<\/p>\n<p>Adresa e-po\u0161te: info@expert-i4next.hr<\/p>\n<p><strong>AUTORSKA PRAVA<\/strong><\/p>\n<p>Na ovoj internetskoj stranici svi objavljeni materijali, fotografije,&nbsp; grafi\u010dki dizajn i drugo, predmet su autorskih prava Expert i4next d.o.o. Nijedan dio internetske stranice, uklju\u010duju\u0107i i sadr\u017eaj stranice, ne smije se ni na koji na\u010din kopirati, reproducirati ili upotrebljavati bez izri\u010dite pismene suglasnosti Expert i4next d.o.o.-a. Prema Zakonu o autorskim i srodnim pravima, pristup internetskoj stranici ne predstavlja dozvolu za uporabu informativnih materijala, fotografija, grafi\u010dkog dizajna i drugih sadr\u017eaja objavljenih na internetskoj stranici.<\/p>\n<p><strong>OP\u0106ENITO<\/strong><\/p>\n<p>Dru\u0161tvo Expert i4next d.o.o. , Ore\u0161kovi\u0107eva ulica 20A, Zagreb, 10 000, OIB: 32651779055, Kontakt: +385 1 6195 109, web: www.expert-i4next.hr, e-mail: info@expert-i4next.hr u daljnjem tekstu Vlasnik stranice.<\/p>\n<p>Fizi\u010dka ili pravna osoba koja izvan bilo kakve djelatnosti po\u0161alje upit za proizvod ili uslugu posredstvom usluga web stranice\/kataloga prisutnih na web stranici www.expert-i4next.hr, u daljnjem tekstu Posjetitelj stranice.<\/p>\n<p>Vlasnik stranice prisustvom Internet stranice www.expert-i4next.hr nastupa u svoje ime.<\/p>\n<p>Ova web stranica sadr\u017ei informacije o proizvodima i uslugama dru\u0161tva Expert i4next d.o.o. te slu\u017ei kao elektroni\u010dka stranica i web katalog.<\/p>\n<p><strong>FOTOGRAFIJE I DOSTUPNOST, TE OPISI PROIZVODA PREDSTAVLJENIH NA WEB STRANICI I WEB KATALOGU<\/strong><\/p>\n<p>Glavna obilje\u017eja robe: proizvodi i usluge su prikazani opisno za svaki proizvod zasebno, uz&nbsp; prikaz pomo\u0107u fotografija, te opisa artikla.<\/p>\n<p>Fotografije proizvoda su samo ilustrativne prirode te ne moraju uvijek i u svim detaljima odgovarati proizvodima koji su predmet upita. Vlasnik stranice posebno isti\u010de da vizualni identitet proizvoda prikazan na fotografiji ne mora odgovarati izgledu proizvoda u stvarnosti, pogotovo obzirom na mogu\u0107nost individualnog pode\u0161avanja monitora, te razlike u percepciji boje od strane ljudskog oka, kao i radi naknadnih nadogradnji software-a. U skladu s time Vlasnik stranice ne mo\u017ee jam\u010diti potpunu suglasnost boja proizvoda sa bojama kako ih korisnici vide na zaslonu svog monitora. U slu\u010daju navedenog nesklada izme\u0111u proizvoda prikazanog na fotografiji i isporu\u010denog proizvoda ne radi se o nedostatku proizvoda.<\/p>\n<p>Proizvodi i usluge koje je mogu\u0107e kupiti postavljeni su na internetskoj stranici, a uz svaki prikazani proizvod navedeni su podaci o njegovoj specifikaciji kao i cijena iskazana s PDV-om. Podaci o proizvodima (opis proizvoda, cijena i dr.) prikazani na i4next.hr podlo\u017eni su gre\u0161kama u razvojnom kodu, nepravilnostima u radu aplikacije, drugim tehni\u010dkim nepravilnostima te tipografskim pogre\u0161kama i sl.<\/p>\n<p>Podaci o proizvodima na www.expert-i4next.hr sa\u010dinjeni su temeljem na\u0161e baze podataka.<\/p>\n<p>Zbog velikog broja upita koje se istovremeno predaju na www.expert-i4next.hr, mo\u017ee se dogoditi da informacija o raspolo\u017eivosti proizvoda ne bude istovjetna sa stanjem u skladi\u0161tu ili poslovnici. Podaci o dostupnosti se osvje\u017euju svakih 120 min. Mogu\u0107e je da ukoliko je malo artikala na skladi\u0161tu da su rezervirani ili nedostupni za isporuku.<\/p>\n<p><strong>SLANJE UPITA<\/strong><\/p>\n<p>Upit za odre\u0111eni proizvod \u0161alje se klikom na gumb \u201cZATRA\u017dITE PONUDU\u201d na web katalogu.<\/p>\n<p>Ispod svakog artikla postoji opcija \u201eZATRA\u017dITE PONUDU\u201c. Kada kliknete na navedenu opciju od upita se mo\u017ee odustati na stranci ili ispuniti obrazac za ponudu.<\/p>\n<p>Ukoliko ste zainteresirani za odre\u0111eni artikl mo\u017eete navesti ime i \u0161ifru artikla iz web kataloga.<\/p>\n<p><strong>CIJENE PROIZVODA<\/strong><\/p>\n<p>Svi proizvodi izra\u017eeni su cijenom u Hrvatskoj nacionalnoj valuti, euro (eur) s uklju\u010denim PDV-om.<\/p>\n<\/div>\n<\/div>\n<\/div>\n<\/div>\n<\/div>\n<\/div>\n<\/div>\t\t\t\t\t\t<\/div>\n\t\t\t\t<\/div>\n\t\t\t\t\t<\/div>\n\t\t\t\t<\/div>\n\t\t\t\t\t\t\t<\/div>\n\t\t","protected":false},"excerpt":{"rendered":"<p>Pravne informacije www.expert-i4next.hr je internetska stranica u vlasni\u0161tvu Expert i4next d.o.o.-a. OIB: 32651779055 MBS:&nbsp; 081099831 sa sjedi\u0161tem na adresi: Ore\u0161kovi\u0107eva ulica 20A, Zagreb, 10 000 Nadle\u017eni sud: Trgova\u010dki sud u Zagrebu Kontakt telefon: +385 1 6195 109 Adresa e-po\u0161te: info@expert-i4next.hr AUTORSKA PRAVA Na ovoj internetskoj stranici svi objavljeni materijali, fotografije,&nbsp; grafi\u010dki dizajn i drugo, predmet &hellip;<\/p>\n<p class=\"read-more\"> <a class=\"\" href=\"https:\/\/expert-i4next.hr\/index.php\/pravne-informacije\/\"> <span class=\"screen-reader-text\">Pravne informacije<\/span> Read More &raquo;<\/a><\/p>\n","protected":false},"author":2,"featured_media":0,"parent":0,"menu_order":0,"comment_status":"closed","ping_status":"closed","template":"","meta":{"site-sidebar-layout":"no-sidebar","site-content-layout":"page-builder","ast-global-header-display":"","ast-banner-title-visibility":"","ast-main-header-display":"","ast-hfb-above-header-display":"","ast-hfb-below-header-display":"","ast-hfb-mobile-header-display":"","site-post-title":"disabled","ast-breadcrumbs-content":"","ast-featured-img":"disabled","footer-sml-layout":"","theme-transparent-header-meta":"","adv-header-id-meta":"","stick-header-meta":"","header-above-stick-meta":"","header-main-stick-meta":"","header-below-stick-meta":"","footnotes":"","_wp_rev_ctl_limit":""},"class_list":["post-1704","page","type-page","status-publish","hentry"],"yoast_head":"<!-- This site is optimized with the Yoast SEO plugin v27.4 - https:\/\/yoast.com\/product\/yoast-seo-wordpress\/ -->\n<title>Eti\u010dki kodeks - Expert i4next<\/title>\n<meta name=\"description\" content=\"Pravne informacije www.expert-i4next.hr je internetska stranica u vlasni\u0161tvu Expert i4next d.o.o.-a. OIB: 32651779055 MBS:&nbsp; 081099831 sa sjedi\u0161tem na\" \/>\n<meta name=\"robots\" content=\"index, follow, max-snippet:-1, max-image-preview:large, max-video-preview:-1\" \/>\n<link rel=\"canonical\" href=\"https:\/\/expert-i4next.hr\/index.php\/pravne-informacije\/\" \/>\n<meta property=\"og:locale\" content=\"hr_HR\" \/>\n<meta property=\"og:type\" content=\"article\" \/>\n<meta property=\"og:title\" content=\"Eti\u010dki kodeks - Expert i4next\" \/>\n<meta property=\"og:description\" content=\"Pravne informacije www.expert-i4next.hr je internetska stranica u vlasni\u0161tvu Expert i4next d.o.o.-a. OIB: 32651779055 MBS:&nbsp; 081099831 sa sjedi\u0161tem na\" \/>\n<meta property=\"og:url\" content=\"https:\/\/expert-i4next.hr\/index.php\/pravne-informacije\/\" \/>\n<meta property=\"og:site_name\" content=\"Expert i4next\" \/>\n<meta property=\"article:modified_time\" content=\"2026-02-17T05:08:58+00:00\" \/>\n<meta property=\"og:image\" content=\"https:\/\/expert-i4next.hr\/wp-content\/uploads\/2023\/05\/expert-logo.png\" \/>\n\t<meta property=\"og:image:width\" content=\"1200\" \/>\n\t<meta property=\"og:image:height\" content=\"924\" \/>\n\t<meta property=\"og:image:type\" content=\"image\/png\" \/>\n<meta name=\"twitter:card\" content=\"summary_large_image\" \/>\n<meta name=\"twitter:label1\" content=\"Procijenjeno vrijeme \u010ditanja\" \/>\n\t<meta name=\"twitter:data1\" content=\"3 minute\" \/>\n<script type=\"application\/ld+json\" class=\"yoast-schema-graph\">{\"@context\":\"https:\\\/\\\/schema.org\",\"@graph\":[{\"@type\":\"WebPage\",\"@id\":\"https:\\\/\\\/expert-i4next.hr\\\/index.php\\\/pravne-informacije\\\/\",\"url\":\"https:\\\/\\\/expert-i4next.hr\\\/index.php\\\/pravne-informacije\\\/\",\"name\":\"Eti\u010dki kodeks - Expert i4next\",\"isPartOf\":{\"@id\":\"https:\\\/\\\/expert-i4next.hr\\\/#website\"},\"datePublished\":\"2024-03-26T20:16:17+00:00\",\"dateModified\":\"2026-02-17T05:08:58+00:00\",\"description\":\"Pravne informacije www.expert-i4next.hr je internetska stranica u vlasni\u0161tvu Expert i4next d.o.o.-a. OIB: 32651779055 MBS:&nbsp; 081099831 sa sjedi\u0161tem na\",\"breadcrumb\":{\"@id\":\"https:\\\/\\\/expert-i4next.hr\\\/index.php\\\/pravne-informacije\\\/#breadcrumb\"},\"inLanguage\":\"hr\",\"potentialAction\":[{\"@type\":\"ReadAction\",\"target\":[\"https:\\\/\\\/expert-i4next.hr\\\/index.php\\\/pravne-informacije\\\/\"]}]},{\"@type\":\"BreadcrumbList\",\"@id\":\"https:\\\/\\\/expert-i4next.hr\\\/index.php\\\/pravne-informacije\\\/#breadcrumb\",\"itemListElement\":[{\"@type\":\"ListItem\",\"position\":1,\"name\":\"Po\u010detna stranica\",\"item\":\"https:\\\/\\\/expert-i4next.hr\\\/\"},{\"@type\":\"ListItem\",\"position\":2,\"name\":\"Pravne informacije\"}]},{\"@type\":\"WebSite\",\"@id\":\"https:\\\/\\\/expert-i4next.hr\\\/#website\",\"url\":\"https:\\\/\\\/expert-i4next.hr\\\/\",\"name\":\"Expert i4next\",\"description\":\"\",\"publisher\":{\"@id\":\"https:\\\/\\\/expert-i4next.hr\\\/#organization\"},\"potentialAction\":[{\"@type\":\"SearchAction\",\"target\":{\"@type\":\"EntryPoint\",\"urlTemplate\":\"https:\\\/\\\/expert-i4next.hr\\\/?s={search_term_string}\"},\"query-input\":{\"@type\":\"PropertyValueSpecification\",\"valueRequired\":true,\"valueName\":\"search_term_string\"}}],\"inLanguage\":\"hr\"},{\"@type\":\"Organization\",\"@id\":\"https:\\\/\\\/expert-i4next.hr\\\/#organization\",\"name\":\"Expert i4next\",\"url\":\"https:\\\/\\\/expert-i4next.hr\\\/\",\"logo\":{\"@type\":\"ImageObject\",\"inLanguage\":\"hr\",\"@id\":\"https:\\\/\\\/expert-i4next.hr\\\/#\\\/schema\\\/logo\\\/image\\\/\",\"url\":\"https:\\\/\\\/expert-i4next.hr\\\/wp-content\\\/uploads\\\/2023\\\/05\\\/expert-logo-without-background.png\",\"contentUrl\":\"https:\\\/\\\/expert-i4next.hr\\\/wp-content\\\/uploads\\\/2023\\\/05\\\/expert-logo-without-background.png\",\"width\":1200,\"height\":924,\"caption\":\"Expert i4next\"},\"image\":{\"@id\":\"https:\\\/\\\/expert-i4next.hr\\\/#\\\/schema\\\/logo\\\/image\\\/\"}}]}<\/script>\n<!-- \/ Yoast SEO plugin. -->","yoast_head_json":{"title":"Eti\u010dki kodeks - Expert i4next","description":"Pravne informacije www.expert-i4next.hr je internetska stranica u vlasni\u0161tvu Expert i4next d.o.o.-a. OIB: 32651779055 MBS:&nbsp; 081099831 sa sjedi\u0161tem na","robots":{"index":"index","follow":"follow","max-snippet":"max-snippet:-1","max-image-preview":"max-image-preview:large","max-video-preview":"max-video-preview:-1"},"canonical":"https:\/\/expert-i4next.hr\/index.php\/pravne-informacije\/","og_locale":"hr_HR","og_type":"article","og_title":"Eti\u010dki kodeks - Expert i4next","og_description":"Pravne informacije www.expert-i4next.hr je internetska stranica u vlasni\u0161tvu Expert i4next d.o.o.-a. OIB: 32651779055 MBS:&nbsp; 081099831 sa sjedi\u0161tem na","og_url":"https:\/\/expert-i4next.hr\/index.php\/pravne-informacije\/","og_site_name":"Expert i4next","article_modified_time":"2026-02-17T05:08:58+00:00","og_image":[{"width":1200,"height":924,"url":"https:\/\/expert-i4next.hr\/wp-content\/uploads\/2023\/05\/expert-logo.png","type":"image\/png"}],"twitter_card":"summary_large_image","twitter_misc":{"Procijenjeno vrijeme \u010ditanja":"3 minute"},"schema":{"@context":"https:\/\/schema.org","@graph":[{"@type":"WebPage","@id":"https:\/\/expert-i4next.hr\/index.php\/pravne-informacije\/","url":"https:\/\/expert-i4next.hr\/index.php\/pravne-informacije\/","name":"Eti\u010dki kodeks - Expert i4next","isPartOf":{"@id":"https:\/\/expert-i4next.hr\/#website"},"datePublished":"2024-03-26T20:16:17+00:00","dateModified":"2026-02-17T05:08:58+00:00","description":"Pravne informacije www.expert-i4next.hr je internetska stranica u vlasni\u0161tvu Expert i4next d.o.o.-a. OIB: 32651779055 MBS:&nbsp; 081099831 sa sjedi\u0161tem na","breadcrumb":{"@id":"https:\/\/expert-i4next.hr\/index.php\/pravne-informacije\/#breadcrumb"},"inLanguage":"hr","potentialAction":[{"@type":"ReadAction","target":["https:\/\/expert-i4next.hr\/index.php\/pravne-informacije\/"]}]},{"@type":"BreadcrumbList","@id":"https:\/\/expert-i4next.hr\/index.php\/pravne-informacije\/#breadcrumb","itemListElement":[{"@type":"ListItem","position":1,"name":"Po\u010detna stranica","item":"https:\/\/expert-i4next.hr\/"},{"@type":"ListItem","position":2,"name":"Pravne informacije"}]},{"@type":"WebSite","@id":"https:\/\/expert-i4next.hr\/#website","url":"https:\/\/expert-i4next.hr\/","name":"Expert i4next","description":"","publisher":{"@id":"https:\/\/expert-i4next.hr\/#organization"},"potentialAction":[{"@type":"SearchAction","target":{"@type":"EntryPoint","urlTemplate":"https:\/\/expert-i4next.hr\/?s={search_term_string}"},"query-input":{"@type":"PropertyValueSpecification","valueRequired":true,"valueName":"search_term_string"}}],"inLanguage":"hr"},{"@type":"Organization","@id":"https:\/\/expert-i4next.hr\/#organization","name":"Expert i4next","url":"https:\/\/expert-i4next.hr\/","logo":{"@type":"ImageObject","inLanguage":"hr","@id":"https:\/\/expert-i4next.hr\/#\/schema\/logo\/image\/","url":"https:\/\/expert-i4next.hr\/wp-content\/uploads\/2023\/05\/expert-logo-without-background.png","contentUrl":"https:\/\/expert-i4next.hr\/wp-content\/uploads\/2023\/05\/expert-logo-without-background.png","width":1200,"height":924,"caption":"Expert i4next"},"image":{"@id":"https:\/\/expert-i4next.hr\/#\/schema\/logo\/image\/"}}]}},"_links":{"self":[{"href":"https:\/\/expert-i4next.hr\/index.php\/wp-json\/wp\/v2\/pages\/1704","targetHints":{"allow":["GET"]}}],"collection":[{"href":"https:\/\/expert-i4next.hr\/index.php\/wp-json\/wp\/v2\/pages"}],"about":[{"href":"https:\/\/expert-i4next.hr\/index.php\/wp-json\/wp\/v2\/types\/page"}],"author":[{"embeddable":true,"href":"https:\/\/expert-i4next.hr\/index.php\/wp-json\/wp\/v2\/users\/2"}],"replies":[{"embeddable":true,"href":"https:\/\/expert-i4next.hr\/index.php\/wp-json\/wp\/v2\/comments?post=1704"}],"version-history":[{"count":33,"href":"https:\/\/expert-i4next.hr\/index.php\/wp-json\/wp\/v2\/pages\/1704\/revisions"}],"predecessor-version":[{"id":4306,"href":"https:\/\/expert-i4next.hr\/index.php\/wp-json\/wp\/v2\/pages\/1704\/revisions\/4306"}],"wp:attachment":[{"href":"https:\/\/expert-i4next.hr\/index.php\/wp-json\/wp\/v2\/media?parent=1704"}],"curies":[{"name":"wp","href":"https:\/\/api.w.org\/{rel}","templated":true}]}}