{"id":3302,"date":"2025-09-17T20:34:28","date_gmt":"2025-09-17T18:34:28","guid":{"rendered":"https:\/\/expert-i4next.hr\/?page_id=3302"},"modified":"2026-02-16T20:55:13","modified_gmt":"2026-02-16T19:55:13","slug":"serveri","status":"publish","type":"page","link":"https:\/\/expert-i4next.hr\/index.php\/serveri\/","title":{"rendered":"SERVERI"},"content":{"rendered":"\t\t<div data-elementor-type=\"wp-page\" data-elementor-id=\"3302\" class=\"elementor elementor-3302\" data-elementor-post-type=\"page\">\n\t\t\t\t\t\t\t<div class=\"elementor-element elementor-element-7fb2bbd e-con-full hero e-flex e-con\" data-id=\"7fb2bbd\" data-element_type=\"container\" data-settings=\"{&quot;content_width&quot;:&quot;full&quot;}\">\n\t\t<div class=\"elementor-element elementor-element-e30a64a e-con-full e-flex e-con\" data-id=\"e30a64a\" data-element_type=\"container\" data-settings=\"{&quot;content_width&quot;:&quot;full&quot;}\">\n\t\t\t\t<div class=\"elementor-element elementor-element-729ee7d elementor-widget elementor-widget-heading\" data-id=\"729ee7d\" data-element_type=\"widget\" data-widget_type=\"heading.default\">\n\t\t\t\t<div class=\"elementor-widget-container\">\n\t\t\t<style>\/*! elementor - v3.15.0 - 31-07-2023 *\/\n.elementor-heading-title{padding:0;margin:0;line-height:1}.elementor-widget-heading .elementor-heading-title[class*=elementor-size-]>a{color:inherit;font-size:inherit;line-height:inherit}.elementor-widget-heading .elementor-heading-title.elementor-size-small{font-size:15px}.elementor-widget-heading .elementor-heading-title.elementor-size-medium{font-size:19px}.elementor-widget-heading .elementor-heading-title.elementor-size-large{font-size:29px}.elementor-widget-heading .elementor-heading-title.elementor-size-xl{font-size:39px}.elementor-widget-heading .elementor-heading-title.elementor-size-xxl{font-size:59px}<\/style><h2 class=\"elementor-heading-title elementor-size-default\">Serveri<\/h2>\t\t<\/div>\n\t\t\t\t<\/div>\n\t\t\t\t<\/div>\n\t\t<div class=\"elementor-element elementor-element-5b91e19 e-con-full hero-accent e-flex e-con\" data-id=\"5b91e19\" data-element_type=\"container\" data-settings=\"{&quot;content_width&quot;:&quot;full&quot;}\">\n\t\t\t\t<div class=\"elementor-element elementor-element-050fc45 elementor-widget elementor-widget-image\" data-id=\"050fc45\" data-element_type=\"widget\" data-widget_type=\"image.default\">\n\t\t\t\t<div class=\"elementor-widget-container\">\n\t\t\t<style>\/*! elementor - v3.15.0 - 31-07-2023 *\/\n.elementor-widget-image{text-align:center}.elementor-widget-image a{display:inline-block}.elementor-widget-image a img[src$=\".svg\"]{width:48px}.elementor-widget-image img{vertical-align:middle;display:inline-block}<\/style>\t\t\t\t\t\t\t\t\t\t\t\t<img loading=\"lazy\" decoding=\"async\" width=\"1024\" height=\"682\" src=\"https:\/\/expert-i4next.hr\/wp-content\/uploads\/2025\/09\/serveri-1024x682.jpeg\" class=\"attachment-large size-large wp-image-3482\" alt=\"\" srcset=\"https:\/\/expert-i4next.hr\/wp-content\/uploads\/2025\/09\/serveri-1024x682.jpeg 1024w, https:\/\/expert-i4next.hr\/wp-content\/uploads\/2025\/09\/serveri-300x200.jpeg 300w, https:\/\/expert-i4next.hr\/wp-content\/uploads\/2025\/09\/serveri-768x512.jpeg 768w, https:\/\/expert-i4next.hr\/wp-content\/uploads\/2025\/09\/serveri-1536x1023.jpeg 1536w, https:\/\/expert-i4next.hr\/wp-content\/uploads\/2025\/09\/serveri-600x400.jpeg 600w, https:\/\/expert-i4next.hr\/wp-content\/uploads\/2025\/09\/serveri.jpeg 1600w\" sizes=\"auto, (max-width: 1024px) 100vw, 1024px\" \/>\t\t\t\t\t\t\t\t\t\t\t\t\t\t\t<\/div>\n\t\t\t\t<\/div>\n\t\t\t\t<\/div>\n\t\t\t\t<\/div>\n\t\t<div class=\"elementor-element elementor-element-94416b5 elementor-hidden-desktop e-flex e-con-boxed e-con\" data-id=\"94416b5\" data-element_type=\"container\" data-settings=\"{&quot;content_width&quot;:&quot;boxed&quot;}\">\n\t\t\t\t\t<div class=\"e-con-inner\">\n\t\t<div class=\"elementor-element elementor-element-f1a15d1 e-flex e-con-boxed e-con\" data-id=\"f1a15d1\" data-element_type=\"container\" data-settings=\"{&quot;content_width&quot;:&quot;boxed&quot;}\">\n\t\t\t\t\t<div class=\"e-con-inner\">\n\t\t\t\t<div class=\"elementor-element elementor-element-c85e54f elementor-widget elementor-widget-heading\" data-id=\"c85e54f\" data-element_type=\"widget\" data-widget_type=\"heading.default\">\n\t\t\t\t<div class=\"elementor-widget-container\">\n\t\t\t<h2 class=\"elementor-heading-title elementor-size-default\">U na\u0161oj ponudi imamo server opremu renomiranih proizvo\u0111a\u010da koji osiguravaju visoke performanse, sigurnost i stabilnost za va\u0161e poslovanje.<\/h2>\t\t<\/div>\n\t\t\t\t<\/div>\n\t\t\t\t\t<\/div>\n\t\t\t\t<\/div>\n\t\t\t\t\t<\/div>\n\t\t\t\t<\/div>\n\t\t<div class=\"elementor-element elementor-element-d377281 elementor-hidden-desktop e-flex e-con-boxed e-con\" data-id=\"d377281\" data-element_type=\"container\" data-settings=\"{&quot;background_background&quot;:&quot;classic&quot;,&quot;content_width&quot;:&quot;boxed&quot;}\">\n\t\t\t\t\t<div class=\"e-con-inner\">\n\t\t\t\t<div class=\"elementor-element elementor-element-e7fdacd elementor-widget elementor-widget-text-editor\" data-id=\"e7fdacd\" data-element_type=\"widget\" data-widget_type=\"text-editor.default\">\n\t\t\t\t<div class=\"elementor-widget-container\">\n\t\t\t<style>\/*! elementor - v3.15.0 - 31-07-2023 *\/\n.elementor-widget-text-editor.elementor-drop-cap-view-stacked .elementor-drop-cap{background-color:#69727d;color:#fff}.elementor-widget-text-editor.elementor-drop-cap-view-framed .elementor-drop-cap{color:#69727d;border:3px solid;background-color:transparent}.elementor-widget-text-editor:not(.elementor-drop-cap-view-default) .elementor-drop-cap{margin-top:8px}.elementor-widget-text-editor:not(.elementor-drop-cap-view-default) .elementor-drop-cap-letter{width:1em;height:1em}.elementor-widget-text-editor .elementor-drop-cap{float:left;text-align:center;line-height:1;font-size:50px}.elementor-widget-text-editor .elementor-drop-cap-letter{display:inline-block}<\/style>\t\t\t\t<p>Bez obzira trebate li rackmount servere, blade servere, storage servere, gpu servere, barebone servere, podatkovne centre ili sustave za sigurnosnu pohranu (backup) \u2013 nudimo prilagodljiva rje\u0161enja koja rastu zajedno s va\u0161im poslovnim potrebama.<\/p>\t\t\t\t\t\t<\/div>\n\t\t\t\t<\/div>\n\t\t\t\t\t<\/div>\n\t\t\t\t<\/div>\n\t\t<div class=\"elementor-element elementor-element-92384d9 elementor-hidden-desktop e-flex e-con-boxed e-con\" data-id=\"92384d9\" data-element_type=\"container\" data-settings=\"{&quot;content_width&quot;:&quot;boxed&quot;}\">\n\t\t\t\t\t<div class=\"e-con-inner\">\n\t\t<div class=\"elementor-element elementor-element-973e32b e-flex e-con-boxed e-con\" data-id=\"973e32b\" data-element_type=\"container\" data-settings=\"{&quot;content_width&quot;:&quot;boxed&quot;}\">\n\t\t\t\t\t<div class=\"e-con-inner\">\n\t\t\t\t<div class=\"elementor-element elementor-element-8d5a7ac elementor-widget elementor-widget-heading\" data-id=\"8d5a7ac\" data-element_type=\"widget\" data-widget_type=\"heading.default\">\n\t\t\t\t<div class=\"elementor-widget-container\">\n\t\t\t<h2 class=\"elementor-heading-title elementor-size-default\">Na\u0161 stru\u010dni tim savjetovati \u0107e vas pri odabiru, pru\u017eiti podr\u0161ku pri implementaciji i osigurati da va\u0161i podaci i procesi budu uvijek dostupni i za\u0161ti\u0107eni.\nKontaktirajte nas i zatra\u017eite ponudu.\n<\/h2>\t\t<\/div>\n\t\t\t\t<\/div>\n\t\t\t\t<div class=\"elementor-element elementor-element-82b1d8c elementor-widget elementor-widget-wpkoi-button\" data-id=\"82b1d8c\" data-element_type=\"widget\" data-widget_type=\"wpkoi-button.default\">\n\t\t\t\t<div class=\"elementor-widget-container\">\n\t\t\t\t\t<div class=\"wpkoi-button__container\">\r\n\t\t\t<a class=\"wpkoi-button__instance wpkoi-button__instance--icon-right hover-effect-5\" href=\"https:\/\/expert-i4next.hr\/index.php\/kontakt\/\">\r\n\t\t\t\t<div class=\"wpkoi-button__plane wpkoi-button__plane-normal\"><\/div>\r\n\t\t\t\t<div class=\"wpkoi-button__plane wpkoi-button__plane-hover\"><\/div>\r\n\t\t\t\t<div class=\"wpkoi-button__state wpkoi-button__state-normal\">\r\n\t\t\t\t\t<span class=\"wpkoi-button__icon\"><svg aria-hidden=\"true\" class=\"e-font-icon-svg e-fas-long-arrow-alt-right\" viewBox=\"0 0 448 512\" xmlns=\"http:\/\/www.w3.org\/2000\/svg\"><path d=\"M313.941 216H12c-6.627 0-12 5.373-12 12v56c0 6.627 5.373 12 12 12h301.941v46.059c0 21.382 25.851 32.09 40.971 16.971l86.059-86.059c9.373-9.373 9.373-24.569 0-33.941l-86.059-86.059c-15.119-15.119-40.971-4.411-40.971 16.971V216z\"><\/path><\/svg><\/span><span class=\"wpkoi-button__label\">KONTAKTIRAJTE NAS<\/span>\t\t\t\t<\/div>\r\n\t\t\t\t<div class=\"wpkoi-button__state wpkoi-button__state-hover\">\r\n\t\t\t\t\t<span class=\"wpkoi-button__icon\"><svg aria-hidden=\"true\" class=\"e-font-icon-svg e-fas-long-arrow-alt-right\" viewBox=\"0 0 448 512\" xmlns=\"http:\/\/www.w3.org\/2000\/svg\"><path d=\"M313.941 216H12c-6.627 0-12 5.373-12 12v56c0 6.627 5.373 12 12 12h301.941v46.059c0 21.382 25.851 32.09 40.971 16.971l86.059-86.059c9.373-9.373 9.373-24.569 0-33.941l-86.059-86.059c-15.119-15.119-40.971-4.411-40.971 16.971V216z\"><\/path><\/svg><\/span><span class=\"wpkoi-button__label\">KONTAKTIRAJTE NAS<\/span>\t\t\t\t<\/div>\r\n\t\t\t<\/a>\r\n\t\t<\/div>\r\n\t\t\t\t<\/div>\n\t\t\t\t<\/div>\n\t\t\t\t\t<\/div>\n\t\t\t\t<\/div>\n\t\t\t\t\t<\/div>\n\t\t\t\t<\/div>\n\t\t<div class=\"elementor-element elementor-element-a9e11d9 e-con-full elementor-hidden-tablet elementor-hidden-mobile e-flex e-con\" data-id=\"a9e11d9\" data-element_type=\"container\" data-settings=\"{&quot;content_width&quot;:&quot;full&quot;}\">\n\t\t<div class=\"elementor-element elementor-element-04afad7 e-con-full e-flex e-con\" data-id=\"04afad7\" data-element_type=\"container\" data-settings=\"{&quot;content_width&quot;:&quot;full&quot;}\">\n\t\t\t\t<div class=\"elementor-element elementor-element-bba9978 elementor-widget elementor-widget-heading\" data-id=\"bba9978\" data-element_type=\"widget\" data-widget_type=\"heading.default\">\n\t\t\t\t<div class=\"elementor-widget-container\">\n\t\t\t<h2 class=\"elementor-heading-title elementor-size-default\">U na\u0161oj ponudi imamo server opremu renomiranih proizvo\u0111a\u010da koji osiguravaju visoke performanse, sigurnost i stabilnost za va\u0161e poslovanje.<\/h2>\t\t<\/div>\n\t\t\t\t<\/div>\n\t\t\t\t<\/div>\n\t\t<div class=\"elementor-element elementor-element-3001f53 e-con-full e-flex e-con\" data-id=\"3001f53\" data-element_type=\"container\" data-settings=\"{&quot;content_width&quot;:&quot;full&quot;}\">\n\t\t\t\t<\/div>\n\t\t\t\t<\/div>\n\t\t<div class=\"elementor-element elementor-element-28eac02 e-con-full elementor-hidden-tablet elementor-hidden-mobile e-flex e-con\" data-id=\"28eac02\" data-element_type=\"container\" data-settings=\"{&quot;content_width&quot;:&quot;full&quot;,&quot;background_background&quot;:&quot;video&quot;}\">\n\t\t<div class=\"elementor-element elementor-element-b8f9891 e-con-full elementor-hidden-tablet elementor-hidden-mobile e-flex e-con\" data-id=\"b8f9891\" data-element_type=\"container\" data-settings=\"{&quot;content_width&quot;:&quot;full&quot;,&quot;background_background&quot;:&quot;classic&quot;,&quot;position&quot;:&quot;absolute&quot;}\">\n\t\t<div class=\"elementor-element elementor-element-f83174d e-con-full elementor-hidden-tablet elementor-hidden-mobile e-flex e-con\" data-id=\"f83174d\" data-element_type=\"container\" data-settings=\"{&quot;content_width&quot;:&quot;full&quot;}\">\n\t\t\t\t<div class=\"elementor-element elementor-element-21deed1 elementor-widget elementor-widget-text-editor\" data-id=\"21deed1\" data-element_type=\"widget\" data-widget_type=\"text-editor.default\">\n\t\t\t\t<div class=\"elementor-widget-container\">\n\t\t\t\t\t\t\t<p>Bez obzira trebate li rackmount servere, blade servere, storage servere, gpu servere, barebone servere, podatkovne centre ili sustave za sigurnosnu pohranu (backup) \u2013 nudimo prilagodljiva rje\u0161enja koja rastu zajedno s va\u0161im poslovnim potrebama.<\/p>\t\t\t\t\t\t<\/div>\n\t\t\t\t<\/div>\n\t\t\t\t<\/div>\n\t\t\t\t<\/div>\n\t\t<div class=\"elementor-element elementor-element-0fd5ac3 e-con-full e-flex e-con\" data-id=\"0fd5ac3\" data-element_type=\"container\" data-settings=\"{&quot;content_width&quot;:&quot;full&quot;}\">\n\t\t\t\t<\/div>\n\t\t\t\t<\/div>\n\t\t<div class=\"elementor-element elementor-element-3856b37 e-con-full elementor-hidden-tablet elementor-hidden-mobile e-flex e-con\" data-id=\"3856b37\" data-element_type=\"container\" data-settings=\"{&quot;content_width&quot;:&quot;full&quot;}\">\n\t\t<div class=\"elementor-element elementor-element-9735d5b e-con-full e-flex e-con\" data-id=\"9735d5b\" data-element_type=\"container\" data-settings=\"{&quot;content_width&quot;:&quot;full&quot;}\">\n\t\t\t\t<div class=\"elementor-element elementor-element-221b6b1 elementor-widget elementor-widget-heading\" data-id=\"221b6b1\" data-element_type=\"widget\" data-widget_type=\"heading.default\">\n\t\t\t\t<div class=\"elementor-widget-container\">\n\t\t\t<h2 class=\"elementor-heading-title elementor-size-default\">Na\u0161 stru\u010dni tim savjetovati \u0107e vas pri odabiru, pru\u017eiti podr\u0161ku pri implementaciji i osigurati da va\u0161i podaci i procesi budu uvijek dostupni i za\u0161ti\u0107eni.\nKontaktirajte nas i zatra\u017eite ponudu.\n<\/h2>\t\t<\/div>\n\t\t\t\t<\/div>\n\t\t\t\t<div class=\"elementor-element elementor-element-00c5bf2 elementor-widget elementor-widget-wpkoi-button\" data-id=\"00c5bf2\" data-element_type=\"widget\" data-widget_type=\"wpkoi-button.default\">\n\t\t\t\t<div class=\"elementor-widget-container\">\n\t\t\t\t\t<div class=\"wpkoi-button__container\">\r\n\t\t\t<a class=\"wpkoi-button__instance wpkoi-button__instance--icon-right hover-effect-5\" href=\"https:\/\/expert-i4next.hr\/index.php\/kontakt\/\">\r\n\t\t\t\t<div class=\"wpkoi-button__plane wpkoi-button__plane-normal\"><\/div>\r\n\t\t\t\t<div class=\"wpkoi-button__plane wpkoi-button__plane-hover\"><\/div>\r\n\t\t\t\t<div class=\"wpkoi-button__state wpkoi-button__state-normal\">\r\n\t\t\t\t\t<span class=\"wpkoi-button__icon\"><svg aria-hidden=\"true\" class=\"e-font-icon-svg e-fas-long-arrow-alt-right\" viewBox=\"0 0 448 512\" xmlns=\"http:\/\/www.w3.org\/2000\/svg\"><path d=\"M313.941 216H12c-6.627 0-12 5.373-12 12v56c0 6.627 5.373 12 12 12h301.941v46.059c0 21.382 25.851 32.09 40.971 16.971l86.059-86.059c9.373-9.373 9.373-24.569 0-33.941l-86.059-86.059c-15.119-15.119-40.971-4.411-40.971 16.971V216z\"><\/path><\/svg><\/span><span class=\"wpkoi-button__label\">KONTAKTIRAJTE NAS<\/span>\t\t\t\t<\/div>\r\n\t\t\t\t<div class=\"wpkoi-button__state wpkoi-button__state-hover\">\r\n\t\t\t\t\t<span class=\"wpkoi-button__icon\"><svg aria-hidden=\"true\" class=\"e-font-icon-svg e-fas-long-arrow-alt-right\" viewBox=\"0 0 448 512\" xmlns=\"http:\/\/www.w3.org\/2000\/svg\"><path d=\"M313.941 216H12c-6.627 0-12 5.373-12 12v56c0 6.627 5.373 12 12 12h301.941v46.059c0 21.382 25.851 32.09 40.971 16.971l86.059-86.059c9.373-9.373 9.373-24.569 0-33.941l-86.059-86.059c-15.119-15.119-40.971-4.411-40.971 16.971V216z\"><\/path><\/svg><\/span><span class=\"wpkoi-button__label\">KONTAKTIRAJTE NAS<\/span>\t\t\t\t<\/div>\r\n\t\t\t<\/a>\r\n\t\t<\/div>\r\n\t\t\t\t<\/div>\n\t\t\t\t<\/div>\n\t\t\t\t<\/div>\n\t\t<div class=\"elementor-element elementor-element-f00d988 e-con-full e-flex e-con\" data-id=\"f00d988\" data-element_type=\"container\" data-settings=\"{&quot;content_width&quot;:&quot;full&quot;}\">\n\t\t\t\t<\/div>\n\t\t\t\t<\/div>\n\t\t\t\t\t\t\t<\/div>\n\t\t","protected":false},"excerpt":{"rendered":"<p>Serveri U na\u0161oj ponudi imamo server opremu renomiranih proizvo\u0111a\u010da koji osiguravaju visoke performanse, sigurnost i stabilnost za va\u0161e poslovanje. Bez obzira trebate li rackmount servere, blade servere, storage servere, gpu servere, barebone servere, podatkovne centre ili sustave za sigurnosnu pohranu (backup) \u2013 nudimo prilagodljiva rje\u0161enja koja rastu zajedno s va\u0161im poslovnim potrebama. Na\u0161 stru\u010dni tim &hellip;<\/p>\n<p class=\"read-more\"> <a class=\"\" href=\"https:\/\/expert-i4next.hr\/index.php\/serveri\/\"> <span class=\"screen-reader-text\">SERVERI<\/span> Read More &raquo;<\/a><\/p>\n","protected":false},"author":2,"featured_media":0,"parent":0,"menu_order":0,"comment_status":"closed","ping_status":"closed","template":"","meta":{"site-sidebar-layout":"no-sidebar","site-content-layout":"page-builder","ast-global-header-display":"","ast-banner-title-visibility":"","ast-main-header-display":"","ast-hfb-above-header-display":"","ast-hfb-below-header-display":"","ast-hfb-mobile-header-display":"","site-post-title":"disabled","ast-breadcrumbs-content":"","ast-featured-img":"disabled","footer-sml-layout":"","theme-transparent-header-meta":"","adv-header-id-meta":"","stick-header-meta":"","header-above-stick-meta":"","header-main-stick-meta":"","header-below-stick-meta":"","footnotes":"","_wp_rev_ctl_limit":""},"class_list":["post-3302","page","type-page","status-publish","hentry"],"yoast_head":"<!-- This site is optimized with the Yoast SEO plugin v27.4 - https:\/\/yoast.com\/product\/yoast-seo-wordpress\/ -->\n<title>SERVERI -<\/title>\n<meta name=\"description\" content=\"Serveri U na\u0161oj ponudi imamo server opremu renomiranih proizvo\u0111a\u010da koji osiguravaju visoke performanse, sigurnost i stabilnost za va\u0161e poslovanje. Bez\" \/>\n<meta name=\"robots\" content=\"index, follow, max-snippet:-1, max-image-preview:large, max-video-preview:-1\" \/>\n<link rel=\"canonical\" href=\"https:\/\/expert-i4next.hr\/index.php\/serveri\/\" \/>\n<meta property=\"og:locale\" content=\"hr_HR\" \/>\n<meta property=\"og:type\" content=\"article\" \/>\n<meta property=\"og:title\" content=\"SERVERI -\" \/>\n<meta property=\"og:description\" content=\"Serveri U na\u0161oj ponudi imamo server opremu renomiranih proizvo\u0111a\u010da koji osiguravaju visoke performanse, sigurnost i stabilnost za va\u0161e poslovanje. Bez\" \/>\n<meta property=\"og:url\" content=\"https:\/\/expert-i4next.hr\/index.php\/serveri\/\" \/>\n<meta property=\"og:site_name\" content=\"Expert i4next\" \/>\n<meta property=\"article:modified_time\" content=\"2026-02-16T19:55:13+00:00\" \/>\n<meta property=\"og:image\" content=\"https:\/\/expert-i4next.hr\/wp-content\/uploads\/2025\/09\/serveri.jpeg\" \/>\n\t<meta property=\"og:image:width\" content=\"1600\" \/>\n\t<meta property=\"og:image:height\" content=\"1066\" \/>\n\t<meta property=\"og:image:type\" content=\"image\/jpeg\" \/>\n<meta name=\"twitter:card\" content=\"summary_large_image\" \/>\n<meta name=\"twitter:label1\" content=\"Procijenjeno vrijeme \u010ditanja\" \/>\n\t<meta name=\"twitter:data1\" content=\"2 minute\" \/>\n<script type=\"application\/ld+json\" class=\"yoast-schema-graph\">{\"@context\":\"https:\\\/\\\/schema.org\",\"@graph\":[{\"@type\":\"WebPage\",\"@id\":\"https:\\\/\\\/expert-i4next.hr\\\/index.php\\\/serveri\\\/\",\"url\":\"https:\\\/\\\/expert-i4next.hr\\\/index.php\\\/serveri\\\/\",\"name\":\"SERVERI -\",\"isPartOf\":{\"@id\":\"https:\\\/\\\/expert-i4next.hr\\\/#website\"},\"primaryImageOfPage\":{\"@id\":\"https:\\\/\\\/expert-i4next.hr\\\/index.php\\\/serveri\\\/#primaryimage\"},\"image\":{\"@id\":\"https:\\\/\\\/expert-i4next.hr\\\/index.php\\\/serveri\\\/#primaryimage\"},\"thumbnailUrl\":\"https:\\\/\\\/expert-i4next.hr\\\/wp-content\\\/uploads\\\/2025\\\/09\\\/serveri-1024x682.jpeg\",\"datePublished\":\"2025-09-17T18:34:28+00:00\",\"dateModified\":\"2026-02-16T19:55:13+00:00\",\"description\":\"Serveri U na\u0161oj ponudi imamo server opremu renomiranih proizvo\u0111a\u010da koji osiguravaju visoke performanse, sigurnost i stabilnost za va\u0161e poslovanje. Bez\",\"breadcrumb\":{\"@id\":\"https:\\\/\\\/expert-i4next.hr\\\/index.php\\\/serveri\\\/#breadcrumb\"},\"inLanguage\":\"hr\",\"potentialAction\":[{\"@type\":\"ReadAction\",\"target\":[\"https:\\\/\\\/expert-i4next.hr\\\/index.php\\\/serveri\\\/\"]}]},{\"@type\":\"ImageObject\",\"inLanguage\":\"hr\",\"@id\":\"https:\\\/\\\/expert-i4next.hr\\\/index.php\\\/serveri\\\/#primaryimage\",\"url\":\"https:\\\/\\\/expert-i4next.hr\\\/wp-content\\\/uploads\\\/2025\\\/09\\\/serveri.jpeg\",\"contentUrl\":\"https:\\\/\\\/expert-i4next.hr\\\/wp-content\\\/uploads\\\/2025\\\/09\\\/serveri.jpeg\",\"width\":1600,\"height\":1066},{\"@type\":\"BreadcrumbList\",\"@id\":\"https:\\\/\\\/expert-i4next.hr\\\/index.php\\\/serveri\\\/#breadcrumb\",\"itemListElement\":[{\"@type\":\"ListItem\",\"position\":1,\"name\":\"Po\u010detna stranica\",\"item\":\"https:\\\/\\\/expert-i4next.hr\\\/\"},{\"@type\":\"ListItem\",\"position\":2,\"name\":\"SERVERI\"}]},{\"@type\":\"WebSite\",\"@id\":\"https:\\\/\\\/expert-i4next.hr\\\/#website\",\"url\":\"https:\\\/\\\/expert-i4next.hr\\\/\",\"name\":\"Expert i4next\",\"description\":\"\",\"publisher\":{\"@id\":\"https:\\\/\\\/expert-i4next.hr\\\/#organization\"},\"potentialAction\":[{\"@type\":\"SearchAction\",\"target\":{\"@type\":\"EntryPoint\",\"urlTemplate\":\"https:\\\/\\\/expert-i4next.hr\\\/?s={search_term_string}\"},\"query-input\":{\"@type\":\"PropertyValueSpecification\",\"valueRequired\":true,\"valueName\":\"search_term_string\"}}],\"inLanguage\":\"hr\"},{\"@type\":\"Organization\",\"@id\":\"https:\\\/\\\/expert-i4next.hr\\\/#organization\",\"name\":\"Expert i4next\",\"url\":\"https:\\\/\\\/expert-i4next.hr\\\/\",\"logo\":{\"@type\":\"ImageObject\",\"inLanguage\":\"hr\",\"@id\":\"https:\\\/\\\/expert-i4next.hr\\\/#\\\/schema\\\/logo\\\/image\\\/\",\"url\":\"https:\\\/\\\/expert-i4next.hr\\\/wp-content\\\/uploads\\\/2023\\\/05\\\/expert-logo-without-background.png\",\"contentUrl\":\"https:\\\/\\\/expert-i4next.hr\\\/wp-content\\\/uploads\\\/2023\\\/05\\\/expert-logo-without-background.png\",\"width\":1200,\"height\":924,\"caption\":\"Expert i4next\"},\"image\":{\"@id\":\"https:\\\/\\\/expert-i4next.hr\\\/#\\\/schema\\\/logo\\\/image\\\/\"}}]}<\/script>\n<!-- \/ Yoast SEO plugin. -->","yoast_head_json":{"title":"SERVERI -","description":"Serveri U na\u0161oj ponudi imamo server opremu renomiranih proizvo\u0111a\u010da koji osiguravaju visoke performanse, sigurnost i stabilnost za va\u0161e poslovanje. Bez","robots":{"index":"index","follow":"follow","max-snippet":"max-snippet:-1","max-image-preview":"max-image-preview:large","max-video-preview":"max-video-preview:-1"},"canonical":"https:\/\/expert-i4next.hr\/index.php\/serveri\/","og_locale":"hr_HR","og_type":"article","og_title":"SERVERI -","og_description":"Serveri U na\u0161oj ponudi imamo server opremu renomiranih proizvo\u0111a\u010da koji osiguravaju visoke performanse, sigurnost i stabilnost za va\u0161e poslovanje. Bez","og_url":"https:\/\/expert-i4next.hr\/index.php\/serveri\/","og_site_name":"Expert i4next","article_modified_time":"2026-02-16T19:55:13+00:00","og_image":[{"width":1600,"height":1066,"url":"https:\/\/expert-i4next.hr\/wp-content\/uploads\/2025\/09\/serveri.jpeg","type":"image\/jpeg"}],"twitter_card":"summary_large_image","twitter_misc":{"Procijenjeno vrijeme \u010ditanja":"2 minute"},"schema":{"@context":"https:\/\/schema.org","@graph":[{"@type":"WebPage","@id":"https:\/\/expert-i4next.hr\/index.php\/serveri\/","url":"https:\/\/expert-i4next.hr\/index.php\/serveri\/","name":"SERVERI -","isPartOf":{"@id":"https:\/\/expert-i4next.hr\/#website"},"primaryImageOfPage":{"@id":"https:\/\/expert-i4next.hr\/index.php\/serveri\/#primaryimage"},"image":{"@id":"https:\/\/expert-i4next.hr\/index.php\/serveri\/#primaryimage"},"thumbnailUrl":"https:\/\/expert-i4next.hr\/wp-content\/uploads\/2025\/09\/serveri-1024x682.jpeg","datePublished":"2025-09-17T18:34:28+00:00","dateModified":"2026-02-16T19:55:13+00:00","description":"Serveri U na\u0161oj ponudi imamo server opremu renomiranih proizvo\u0111a\u010da koji osiguravaju visoke performanse, sigurnost i stabilnost za va\u0161e poslovanje. Bez","breadcrumb":{"@id":"https:\/\/expert-i4next.hr\/index.php\/serveri\/#breadcrumb"},"inLanguage":"hr","potentialAction":[{"@type":"ReadAction","target":["https:\/\/expert-i4next.hr\/index.php\/serveri\/"]}]},{"@type":"ImageObject","inLanguage":"hr","@id":"https:\/\/expert-i4next.hr\/index.php\/serveri\/#primaryimage","url":"https:\/\/expert-i4next.hr\/wp-content\/uploads\/2025\/09\/serveri.jpeg","contentUrl":"https:\/\/expert-i4next.hr\/wp-content\/uploads\/2025\/09\/serveri.jpeg","width":1600,"height":1066},{"@type":"BreadcrumbList","@id":"https:\/\/expert-i4next.hr\/index.php\/serveri\/#breadcrumb","itemListElement":[{"@type":"ListItem","position":1,"name":"Po\u010detna stranica","item":"https:\/\/expert-i4next.hr\/"},{"@type":"ListItem","position":2,"name":"SERVERI"}]},{"@type":"WebSite","@id":"https:\/\/expert-i4next.hr\/#website","url":"https:\/\/expert-i4next.hr\/","name":"Expert i4next","description":"","publisher":{"@id":"https:\/\/expert-i4next.hr\/#organization"},"potentialAction":[{"@type":"SearchAction","target":{"@type":"EntryPoint","urlTemplate":"https:\/\/expert-i4next.hr\/?s={search_term_string}"},"query-input":{"@type":"PropertyValueSpecification","valueRequired":true,"valueName":"search_term_string"}}],"inLanguage":"hr"},{"@type":"Organization","@id":"https:\/\/expert-i4next.hr\/#organization","name":"Expert i4next","url":"https:\/\/expert-i4next.hr\/","logo":{"@type":"ImageObject","inLanguage":"hr","@id":"https:\/\/expert-i4next.hr\/#\/schema\/logo\/image\/","url":"https:\/\/expert-i4next.hr\/wp-content\/uploads\/2023\/05\/expert-logo-without-background.png","contentUrl":"https:\/\/expert-i4next.hr\/wp-content\/uploads\/2023\/05\/expert-logo-without-background.png","width":1200,"height":924,"caption":"Expert i4next"},"image":{"@id":"https:\/\/expert-i4next.hr\/#\/schema\/logo\/image\/"}}]}},"_links":{"self":[{"href":"https:\/\/expert-i4next.hr\/index.php\/wp-json\/wp\/v2\/pages\/3302","targetHints":{"allow":["GET"]}}],"collection":[{"href":"https:\/\/expert-i4next.hr\/index.php\/wp-json\/wp\/v2\/pages"}],"about":[{"href":"https:\/\/expert-i4next.hr\/index.php\/wp-json\/wp\/v2\/types\/page"}],"author":[{"embeddable":true,"href":"https:\/\/expert-i4next.hr\/index.php\/wp-json\/wp\/v2\/users\/2"}],"replies":[{"embeddable":true,"href":"https:\/\/expert-i4next.hr\/index.php\/wp-json\/wp\/v2\/comments?post=3302"}],"version-history":[{"count":32,"href":"https:\/\/expert-i4next.hr\/index.php\/wp-json\/wp\/v2\/pages\/3302\/revisions"}],"predecessor-version":[{"id":4425,"href":"https:\/\/expert-i4next.hr\/index.php\/wp-json\/wp\/v2\/pages\/3302\/revisions\/4425"}],"wp:attachment":[{"href":"https:\/\/expert-i4next.hr\/index.php\/wp-json\/wp\/v2\/media?parent=3302"}],"curies":[{"name":"wp","href":"https:\/\/api.w.org\/{rel}","templated":true}]}}